{"id":2711,"date":"2021-12-05T08:23:24","date_gmt":"2021-12-05T08:23:24","guid":{"rendered":"https:\/\/medicate.peacefulqode.com\/?page_id=2711"},"modified":"2023-02-11T23:56:21","modified_gmt":"2023-02-11T23:56:21","slug":"our-services","status":"publish","type":"page","link":"https:\/\/hospitalespiritusantoxela.com\/index.php\/our-services\/","title":{"rendered":"Our Services"},"content":{"rendered":"\t\t<div data-elementor-type=\"wp-page\" data-elementor-id=\"2711\" class=\"elementor elementor-2711\">\n\t\t\t\t\t\t<div class=\"elementor-section elementor-top-section elementor-element elementor-element-b132f91 elementor-section-full_width elementor-section-stretched elementor-section-height-default elementor-section-height-default\" data-id=\"b132f91\" data-element_type=\"section\" data-e-type=\"section\" data-settings=\"{&quot;stretch_section&quot;:&quot;section-stretched&quot;}\">\n\t\t\t\t\t\t\t<div class=\"elementor-background-overlay\"><\/div>\n\t\t\t\t\t\t\t<div class=\"elementor-container elementor-column-gap-default\">\n\t\t\t\t\t<div class=\"elementor-column elementor-col-100 elementor-top-column elementor-element elementor-element-3662aa3\" data-id=\"3662aa3\" data-element_type=\"column\" data-e-type=\"column\">\n\t\t\t<div class=\"elementor-widget-wrap elementor-element-populated\">\n\t\t\t\t\t\t<div class=\"elementor-section elementor-inner-section elementor-element elementor-element-fb1996f elementor-section-boxed elementor-section-height-default elementor-section-height-default\" data-id=\"fb1996f\" data-element_type=\"section\" data-e-type=\"section\">\n\t\t\t\t\t\t<div class=\"elementor-container elementor-column-gap-default\">\n\t\t\t\t\t<div class=\"elementor-column elementor-col-100 elementor-inner-column elementor-element elementor-element-c14c8e1\" data-id=\"c14c8e1\" data-element_type=\"column\" data-e-type=\"column\">\n\t\t\t<div class=\"elementor-widget-wrap elementor-element-populated\">\n\t\t\t\t\t\t<div class=\"elementor-element elementor-element-7120b89 elementor-widget elementor-widget-section-title\" data-id=\"7120b89\" data-element_type=\"widget\" data-e-type=\"widget\" data-widget_type=\"section-title.default\">\n\t\t\t\t<div class=\"elementor-widget-container\">\n\t\t\t\t\t<div class=\"pt-section pt-style-1 text-center\">\r\n\t\t\r\n   \t\t \r\n   \t\t<span class=\"pt-section-sub-title\">Instalaciones y servicios<\/span>\r\n   \t   \t\t\t   <h5 class=\"pt-section-title\" >Calidad y Equipamiento<\/h5>\r\n\t\t\t\r\n<\/div>\t\t\t\t<\/div>\n\t\t\t\t<\/div>\n\t\t\t\t\t<\/div>\n\t\t<\/div>\n\t\t\t\t\t<\/div>\n\t\t<\/div>\n\t\t\t\t<div class=\"elementor-section elementor-inner-section elementor-element elementor-element-6df7f9b elementor-section-boxed elementor-section-height-default elementor-section-height-default\" data-id=\"6df7f9b\" data-element_type=\"section\" data-e-type=\"section\">\n\t\t\t\t\t\t<div class=\"elementor-container elementor-column-gap-default\">\n\t\t\t\t\t<div class=\"elementor-column elementor-col-33 elementor-inner-column elementor-element elementor-element-b0a2cd5\" data-id=\"b0a2cd5\" data-element_type=\"column\" data-e-type=\"column\">\n\t\t\t<div class=\"elementor-widget-wrap elementor-element-populated\">\n\t\t\t\t\t\t<div class=\"elementor-element elementor-element-1c528f8 elementor-widget elementor-widget-medicate_Service_Box\" data-id=\"1c528f8\" data-element_type=\"widget\" data-e-type=\"widget\" data-widget_type=\"medicate_Service_Box.default\">\n\t\t\t\t<div class=\"elementor-widget-container\">\n\t\t\t\t\t\t<div class=\"pt-service-box pt-style-1\">\r\n  <div class=\"pt-service-block\">\r\n\t\t<div class=\"pt-service-img\"><img decoding=\"async\" src=\"https:\/\/hospitalespiritusantoxela.com\/wp-content\/uploads\/2022\/10\/3-2.jpg\" alt=\"servicebox\" \/>\r\n<\/div>\r\n\t\t<div class=\"pt-service-box-info\">\r\n\r\n         <div class=\"pt-info-text\">\r\n            <span class=\"pt-service-sub-title\">Por malestares o de rutina<\/span>\r\n\r\n              <a >\r\n               <h5 class=\"pt-service-title\">Citas  M\u00e9dicas<\/h5>            <\/a>\r\n         <\/div>\r\n\r\n         <div class=\"pt-service-icon\">\r\n            <i class=\" flaticon-laboratory\"><\/i>\r\n         <\/div>\r\n      <\/div>\r\n  <\/div>\r\n\t<\/div>\r\n\r\n\t\r\n\r\n\r\n\t\t\t\t<\/div>\n\t\t\t\t<\/div>\n\t\t\t\t\t<\/div>\n\t\t<\/div>\n\t\t\t\t<div class=\"elementor-column elementor-col-33 elementor-inner-column elementor-element elementor-element-483bbbc\" data-id=\"483bbbc\" data-element_type=\"column\" data-e-type=\"column\">\n\t\t\t<div class=\"elementor-widget-wrap elementor-element-populated\">\n\t\t\t\t\t\t<div class=\"elementor-element elementor-element-38c4c8d elementor-widget elementor-widget-medicate_Service_Box\" data-id=\"38c4c8d\" data-element_type=\"widget\" data-e-type=\"widget\" data-widget_type=\"medicate_Service_Box.default\">\n\t\t\t\t<div class=\"elementor-widget-container\">\n\t\t\t\t\t\t<div class=\"pt-service-box pt-style-1\">\r\n  <div class=\"pt-service-block\">\r\n\t\t<div class=\"pt-service-img\"><img decoding=\"async\" src=\"https:\/\/hospitalespiritusantoxela.com\/wp-content\/uploads\/2022\/08\/3.jpg\" alt=\"servicebox\" \/>\r\n<\/div>\r\n\t\t<div class=\"pt-service-box-info\">\r\n\r\n         <div class=\"pt-info-text\">\r\n            <span class=\"pt-service-sub-title\">Tratamiento con especialistas<\/span>\r\n\r\n              <a >\r\n               <h5 class=\"pt-service-title\">Especialidades<\/h5>            <\/a>\r\n         <\/div>\r\n\r\n         <div class=\"pt-service-icon\">\r\n            <i class=\" flaticon-doctor-1\"><\/i>\r\n         <\/div>\r\n      <\/div>\r\n  <\/div>\r\n\t<\/div>\r\n\r\n\t\r\n\r\n\r\n\t\t\t\t<\/div>\n\t\t\t\t<\/div>\n\t\t\t\t\t<\/div>\n\t\t<\/div>\n\t\t\t\t<div class=\"elementor-column elementor-col-33 elementor-inner-column elementor-element elementor-element-8adf33f\" data-id=\"8adf33f\" data-element_type=\"column\" data-e-type=\"column\">\n\t\t\t<div class=\"elementor-widget-wrap elementor-element-populated\">\n\t\t\t\t\t\t<div class=\"elementor-element elementor-element-d37e6ac elementor-widget-tablet__width-initial elementor-widget-mobile__width-inherit elementor-widget elementor-widget-medicate_Service_Box\" data-id=\"d37e6ac\" data-element_type=\"widget\" data-e-type=\"widget\" data-widget_type=\"medicate_Service_Box.default\">\n\t\t\t\t<div class=\"elementor-widget-container\">\n\t\t\t\t\t\t<div class=\"pt-service-box pt-style-1\">\r\n  <div class=\"pt-service-block\">\r\n\t\t<div class=\"pt-service-img\"><img decoding=\"async\" src=\"https:\/\/hospitalespiritusantoxela.com\/wp-content\/uploads\/2023\/02\/habitciones.jpeg\" alt=\"servicebox\" \/>\r\n<\/div>\r\n\t\t<div class=\"pt-service-box-info\">\r\n\r\n         <div class=\"pt-info-text\">\r\n            <span class=\"pt-service-sub-title\">Laboratorio y farmacia<\/span>\r\n\r\n              <a >\r\n               <h6 class=\"pt-service-title\">Hospitalizaci\u00f3n<\/h6>            <\/a>\r\n         <\/div>\r\n\r\n         <div class=\"pt-service-icon\">\r\n            <i class=\" flaticon-medical-prescription\"><\/i>\r\n         <\/div>\r\n      <\/div>\r\n  <\/div>\r\n\t<\/div>\r\n\r\n\t\r\n\r\n\r\n\t\t\t\t<\/div>\n\t\t\t\t<\/div>\n\t\t\t\t\t<\/div>\n\t\t<\/div>\n\t\t\t\t\t<\/div>\n\t\t<\/div>\n\t\t\t\t\t<\/div>\n\t\t<\/div>\n\t\t\t\t\t<\/div>\n\t\t<\/div>\n\t\t\t\t<div class=\"elementor-section elementor-top-section elementor-element elementor-element-08757af elementor-section-full_width elementor-section-stretched elementor-section-height-default elementor-section-height-default\" data-id=\"08757af\" data-element_type=\"section\" data-e-type=\"section\" data-settings=\"{&quot;stretch_section&quot;:&quot;section-stretched&quot;,&quot;background_background&quot;:&quot;classic&quot;}\">\n\t\t\t\t\t\t\t<div class=\"elementor-background-overlay\"><\/div>\n\t\t\t\t\t\t\t<div class=\"elementor-container elementor-column-gap-default\">\n\t\t\t\t\t<div class=\"elementor-column elementor-col-100 elementor-top-column elementor-element elementor-element-660fd06\" data-id=\"660fd06\" data-element_type=\"column\" data-e-type=\"column\">\n\t\t\t<div class=\"elementor-widget-wrap elementor-element-populated\">\n\t\t\t\t\t\t<div class=\"elementor-section elementor-inner-section elementor-element elementor-element-740c3c3 elementor-section-boxed elementor-section-height-default elementor-section-height-default\" data-id=\"740c3c3\" data-element_type=\"section\" data-e-type=\"section\">\n\t\t\t\t\t\t<div class=\"elementor-container elementor-column-gap-default\">\n\t\t\t\t\t<div class=\"elementor-column elementor-col-100 elementor-inner-column elementor-element elementor-element-3f8ba65\" data-id=\"3f8ba65\" data-element_type=\"column\" data-e-type=\"column\">\n\t\t\t<div class=\"elementor-widget-wrap\">\n\t\t\t\t\t\t\t<\/div>\n\t\t<\/div>\n\t\t\t\t\t<\/div>\n\t\t<\/div>\n\t\t\t\t<div class=\"elementor-section elementor-inner-section elementor-element elementor-element-94876cc elementor-section-boxed elementor-section-height-default elementor-section-height-default\" data-id=\"94876cc\" data-element_type=\"section\" data-e-type=\"section\">\n\t\t\t\t\t\t<div class=\"elementor-container elementor-column-gap-default\">\n\t\t\t\t\t<div class=\"elementor-column elementor-col-100 elementor-inner-column elementor-element elementor-element-7953b64\" data-id=\"7953b64\" data-element_type=\"column\" data-e-type=\"column\">\n\t\t\t<div class=\"elementor-widget-wrap elementor-element-populated\">\n\t\t\t\t\t\t<div class=\"elementor-element elementor-element-46ed015 elementor-widget elementor-widget-blog\" data-id=\"46ed015\" data-element_type=\"widget\" data-e-type=\"widget\" data-widget_type=\"blog.default\">\n\t\t\t\t<div class=\"elementor-widget-container\">\n\t\t\t\t\t\r\n<div class=\"pt-blog text-left\">\r\n\r\n  <div class=\"owl-carousel\" data-dots=\"false\" data-nav=\"false\" data-desk_num=\"3\" data-lap_num=\"3\" data-tab_num=\"2\" data-mob_num=\"1\" data-mob_sm=\"1\" data-autoplay=\"false\" data-loop=\"false\" data-margin=\"30\">\r\n\r\n    \r\n            <div class=\"item\">\r\n\r\n               <div class=\"pt-blog-post pt-style-1\">\r\n\r\n                  <div class=\"pt-post-media\">\r\n\r\n                   <img decoding=\"async\"  src=\"https:\/\/hospitalespiritusantoxela.com\/wp-content\/uploads\/revslider\/home-3-1\/surgery_2-scaled.jpeg\" alt=\"\" \/>\r\n                    \r\n                    \r\n                     <div class=\"pt-post-date\">\r\n\r\n                        <a href=\"https:\/\/hospitalespiritusantoxela.com\/index.php\/2023\/02\/10\/\">\r\n\r\n                        <span>10\/02\/2023<\/span><\/a>\r\n\r\n                     <\/div>\r\n\r\n                                        <\/div>\r\n\r\n\r\n\r\n                  <div class=\"pt-blog-contain\">\r\n\r\n                    <div class=\"pt-post-meta\">\r\n\r\n                        <ul>\r\n                           <li class=\"pt-post-author\"><i class=\"fa fa-user\"><\/i>Hospital y Cl\u00ednicas Espiritu Santo<\/li>\r\n\r\n                           <li class=\"pt-post-comment\">\r\n                                                              <a href=\"https:\/\/hospitalespiritusantoxela.com\/index.php\/2023\/02\/10\/citas-medicas\/\"><i class=\"fa fa-comments\"><\/i>\r\n                                  0 Comments<\/a>\r\n                            <\/li>\r\n\r\n\r\n                        <\/ul>\r\n\r\n                     <\/div>\r\n\r\n                     <h5 class=\"pt-blog-title\"><a href=\"https:\/\/hospitalespiritusantoxela.com\/index.php\/2023\/02\/10\/citas-medicas\/\">\u00bfPorqu\u00e9 ir a citas m\u00e9dicas al menos cada 6 meses?<\/a><\/h5>\r\n\r\n\r\n                     <div class=\"pt-blog-info\">\r\n\r\n                        \r\n                     <\/div>\r\n                                         <div class=\"pt-btn-container\">\r\n\r\n                        <a href=\"https:\/\/hospitalespiritusantoxela.com\/index.php\/2023\/02\/10\/citas-medicas\/\" class=\"pt-button pt-button-link\" >\r\n                          <div class=\"pt-button-block\">\r\n                            <span class=\"pt-button-text\">Leer M\u00e1s<\/span>\r\n                            <i class=\"ion ion-plus-round\"><\/i>\r\n                          <\/div>\r\n                           <\/a>\r\n                    <\/div>\r\n                                     <\/div>\r\n\r\n               <\/div>\r\n\r\n            <\/div>\r\n\r\n          \r\n  <\/div>\r\n\r\n<\/div>\r\n\t\t\t\t<\/div>\n\t\t\t\t<\/div>\n\t\t\t\t<div class=\"elementor-element elementor-element-cdfac10 elementor-widget elementor-widget-section-title\" data-id=\"cdfac10\" data-element_type=\"widget\" data-e-type=\"widget\" data-widget_type=\"section-title.default\">\n\t\t\t\t<div class=\"elementor-widget-container\">\n\t\t\t\t\t<div class=\"pt-section pt-style-1 text-center\">\r\n\t\t\r\n   \t\t \r\n   \t\t<span class=\"pt-section-sub-title\">Informaci\u00f3n de nuestros profesionales<\/span>\r\n   \t   \t\t\t   <h5 class=\"pt-section-title\" >Vea notas de interes para su salud<\/h5>\r\n\t\t\t\r\n<\/div>\t\t\t\t<\/div>\n\t\t\t\t<\/div>\n\t\t\t\t\t<\/div>\n\t\t<\/div>\n\t\t\t\t\t<\/div>\n\t\t<\/div>\n\t\t\t\t\t<\/div>\n\t\t<\/div>\n\t\t\t\t\t<\/div>\n\t\t<\/div>\n\t\t\t\t<\/div>\n\t\t","protected":false},"excerpt":{"rendered":"<p>Instalaciones y servicios Calidad y Equipamiento Por malestares o de rutina Citas M\u00e9dicas Tratamiento con especialistas Especialidades Laboratorio y farmacia Hospitalizaci\u00f3n 10\/02\/2023 atrezzoinfo@gmail.com 0 Comments \u00bfPorqu\u00e9 ir a citas m\u00e9dicas al menos cada 6 meses? Leer M\u00e1s Informaci\u00f3n de nuestros profesionales Vea notas de interes para su salud<\/p>\n","protected":false},"author":1,"featured_media":0,"parent":0,"menu_order":0,"comment_status":"closed","ping_status":"closed","template":"","meta":{"_acf_changed":false,"footnotes":""},"class_list":["post-2711","page","type-page","status-publish","hentry"],"acf":[],"_links":{"self":[{"href":"https:\/\/hospitalespiritusantoxela.com\/index.php\/wp-json\/wp\/v2\/pages\/2711","targetHints":{"allow":["GET"]}}],"collection":[{"href":"https:\/\/hospitalespiritusantoxela.com\/index.php\/wp-json\/wp\/v2\/pages"}],"about":[{"href":"https:\/\/hospitalespiritusantoxela.com\/index.php\/wp-json\/wp\/v2\/types\/page"}],"author":[{"embeddable":true,"href":"https:\/\/hospitalespiritusantoxela.com\/index.php\/wp-json\/wp\/v2\/users\/1"}],"replies":[{"embeddable":true,"href":"https:\/\/hospitalespiritusantoxela.com\/index.php\/wp-json\/wp\/v2\/comments?post=2711"}],"version-history":[{"count":29,"href":"https:\/\/hospitalespiritusantoxela.com\/index.php\/wp-json\/wp\/v2\/pages\/2711\/revisions"}],"predecessor-version":[{"id":17698,"href":"https:\/\/hospitalespiritusantoxela.com\/index.php\/wp-json\/wp\/v2\/pages\/2711\/revisions\/17698"}],"wp:attachment":[{"href":"https:\/\/hospitalespiritusantoxela.com\/index.php\/wp-json\/wp\/v2\/media?parent=2711"}],"curies":[{"name":"wp","href":"https:\/\/api.w.org\/{rel}","templated":true}]}}