{"id":2795,"date":"2021-12-05T12:32:46","date_gmt":"2021-12-05T12:32:46","guid":{"rendered":"https:\/\/medicate.peacefulqode.com\/?page_id=2795"},"modified":"2025-08-05T00:30:11","modified_gmt":"2025-08-05T00:30:11","slug":"our-process","status":"publish","type":"page","link":"https:\/\/hospitalespiritusantoxela.com\/index.php\/our-process\/","title":{"rendered":"Our Process"},"content":{"rendered":"\t\t<div data-elementor-type=\"wp-page\" data-elementor-id=\"2795\" class=\"elementor elementor-2795\">\n\t\t\t\t\t\t<div class=\"elementor-section elementor-top-section elementor-element elementor-element-9965c50 elementor-section-full_width elementor-section-stretched elementor-section-height-default elementor-section-height-default\" data-id=\"9965c50\" data-element_type=\"section\" data-e-type=\"section\" data-settings=\"{&quot;stretch_section&quot;:&quot;section-stretched&quot;,&quot;background_background&quot;:&quot;classic&quot;}\">\n\t\t\t\t\t\t\t<div class=\"elementor-background-overlay\"><\/div>\n\t\t\t\t\t\t\t<div class=\"elementor-container elementor-column-gap-default\">\n\t\t\t\t\t<div class=\"elementor-column elementor-col-100 elementor-top-column elementor-element elementor-element-b2c94dc\" data-id=\"b2c94dc\" data-element_type=\"column\" data-e-type=\"column\">\n\t\t\t<div class=\"elementor-widget-wrap elementor-element-populated\">\n\t\t\t\t\t\t<div class=\"elementor-section elementor-inner-section elementor-element elementor-element-b527b65 pt-step2-arrow elementor-section-full_width elementor-section-height-full elementor-section-content-top elementor-section-height-default\" data-id=\"b527b65\" data-element_type=\"section\" data-e-type=\"section\" data-settings=\"{&quot;background_background&quot;:&quot;classic&quot;}\">\n\t\t\t\t\t\t\t<div class=\"elementor-background-overlay\"><\/div>\n\t\t\t\t\t\t\t<div class=\"elementor-container elementor-column-gap-default\">\n\t\t\t\t\t<div class=\"elementor-column elementor-col-25 elementor-inner-column elementor-element elementor-element-a768d9f\" data-id=\"a768d9f\" data-element_type=\"column\" data-e-type=\"column\">\n\t\t\t<div class=\"elementor-widget-wrap elementor-element-populated\">\n\t\t\t\t\t\t<div class=\"elementor-element elementor-element-d6562d8 elementor-widget elementor-widget-Process_Step\" data-id=\"d6562d8\" data-element_type=\"widget\" data-e-type=\"widget\" data-widget_type=\"Process_Step.default\">\n\t\t\t\t<div class=\"elementor-widget-container\">\n\t\t\t\t\t\r\n\r\n   <div class=\"pt-process-step pt-style-7 text-center\">\r\n          <div class=\"pt-process-number\">\r\n         <span>01<\/span>\r\n      <\/div>\r\n      <div class=\"pt-process-icon-box\">\r\n         <div class=\"pt-process-icon\">\r\n          <i class=\" flaticon-examination\"><\/i>\r\n       <\/div>\r\n       <div class=\"pt-process-contain\">\r\n        <h6 class=\"pt-process-title\">Cita \u00f3 emergencia<\/h6>\r\n        <p class=\"pt-process-description\"><p>\u00a0<\/p><p>Si requiere orientaci\u00f3n via whatsapp y coordinamos su cita<\/p><\/p>\r\n    <\/div>\r\n <\/div>\r\n\r\n\r\n<\/div>\r\n\r\n\r\n\r\n\r\n\r\n\r\n\r\n\r\n\r\n\r\n\r\n\t\t\t\t<\/div>\n\t\t\t\t<\/div>\n\t\t\t\t\t<\/div>\n\t\t<\/div>\n\t\t\t\t<div class=\"elementor-column elementor-col-25 elementor-inner-column elementor-element elementor-element-eba8f53\" data-id=\"eba8f53\" data-element_type=\"column\" data-e-type=\"column\">\n\t\t\t<div class=\"elementor-widget-wrap elementor-element-populated\">\n\t\t\t\t\t\t<div class=\"elementor-element elementor-element-2595b43 elementor-widget elementor-widget-Process_Step\" data-id=\"2595b43\" data-element_type=\"widget\" data-e-type=\"widget\" data-widget_type=\"Process_Step.default\">\n\t\t\t\t<div class=\"elementor-widget-container\">\n\t\t\t\t\t\r\n\r\n   <div class=\"pt-process-step pt-style-7 \">\r\n          <div class=\"pt-process-number\">\r\n         <span>02<\/span>\r\n      <\/div>\r\n      <div class=\"pt-process-icon-box\">\r\n         <div class=\"pt-process-icon\">\r\n          <i class=\" flaticon-medical-history\"><\/i>\r\n       <\/div>\r\n       <div class=\"pt-process-contain\">\r\n        <h5 class=\"pt-process-title\">Visita y seguimiento<\/h5>\r\n        <p class=\"pt-process-description\"><p>Usted visita la cl\u00ednica es atendido y con su diagnostico le damos seguimiento<\/p><\/p>\r\n    <\/div>\r\n <\/div>\r\n\r\n\r\n<\/div>\r\n\r\n\r\n\r\n\r\n\r\n\r\n\r\n\r\n\r\n\r\n\r\n\t\t\t\t<\/div>\n\t\t\t\t<\/div>\n\t\t\t\t\t<\/div>\n\t\t<\/div>\n\t\t\t\t<div class=\"elementor-column elementor-col-25 elementor-inner-column elementor-element elementor-element-150edfb\" data-id=\"150edfb\" data-element_type=\"column\" data-e-type=\"column\">\n\t\t\t<div class=\"elementor-widget-wrap elementor-element-populated\">\n\t\t\t\t\t\t<div class=\"elementor-element elementor-element-13a5504 elementor-widget elementor-widget-Process_Step\" data-id=\"13a5504\" data-element_type=\"widget\" data-e-type=\"widget\" data-widget_type=\"Process_Step.default\">\n\t\t\t\t<div class=\"elementor-widget-container\">\n\t\t\t\t\t\r\n\r\n   <div class=\"pt-process-step pt-style-7 \">\r\n          <div class=\"pt-process-number\">\r\n         <span>03<\/span>\r\n      <\/div>\r\n      <div class=\"pt-process-icon-box\">\r\n         <div class=\"pt-process-icon\">\r\n          <i class=\" flaticon-medical-report-1\"><\/i>\r\n       <\/div>\r\n       <div class=\"pt-process-contain\">\r\n        <h5 class=\"pt-process-title\">Ex\u00e1menes, Laboratorio<\/h5>\r\n        <p class=\"pt-process-description\"><p>Si necesita ex\u00e1menes o tratamiento le apoyamos con los servicios<\/p><\/p>\r\n    <\/div>\r\n <\/div>\r\n\r\n\r\n<\/div>\r\n\r\n\r\n\r\n\r\n\r\n\r\n\r\n\r\n\r\n\r\n\r\n\t\t\t\t<\/div>\n\t\t\t\t<\/div>\n\t\t\t\t\t<\/div>\n\t\t<\/div>\n\t\t\t\t<div class=\"elementor-column elementor-col-25 elementor-inner-column elementor-element elementor-element-62ee14c\" data-id=\"62ee14c\" data-element_type=\"column\" data-e-type=\"column\">\n\t\t\t<div class=\"elementor-widget-wrap elementor-element-populated\">\n\t\t\t\t\t\t<div class=\"elementor-element elementor-element-aaa389b elementor-widget elementor-widget-Process_Step\" data-id=\"aaa389b\" data-element_type=\"widget\" data-e-type=\"widget\" data-widget_type=\"Process_Step.default\">\n\t\t\t\t<div class=\"elementor-widget-container\">\n\t\t\t\t\t\r\n\r\n   <div class=\"pt-process-step pt-style-7 \">\r\n          <div class=\"pt-process-number\">\r\n         <span>04<\/span>\r\n      <\/div>\r\n      <div class=\"pt-process-icon-box\">\r\n         <div class=\"pt-process-icon\">\r\n          <i class=\" flaticon-medicine\"><\/i>\r\n       <\/div>\r\n       <div class=\"pt-process-contain\">\r\n        <h6 class=\"pt-process-title\">Tratamientos y cirugias o procedimientos<\/h6>\r\n        <p class=\"pt-process-description\"><p>Le ofrecemos calidad en cirug\u00edas o procedimientos. Atencion personalizada, instalaciones comodas y favorables<\/p><\/p>\r\n    <\/div>\r\n <\/div>\r\n\r\n\r\n      <div class=\"pt-process-number\">\r\n         <span>5<\/span>\r\n      <\/div>\r\n      <div class=\"pt-process-icon-box\">\r\n         <div class=\"pt-process-icon\">\r\n          <i class=\"ion ion-android-arrow-dropright\"><\/i>\r\n       <\/div>\r\n       <div class=\"pt-process-contain\">\r\n        <h5 class=\"pt-process-title\">Recuperacion y farmacia<\/h5>\r\n        <p class=\"pt-process-description\"><p>Sabemos que la recuperacion es un proceso tras alguna intervencion o tratamiento por lo que seguimos a su lado con citas medicas y farmacia.<\/p><\/p>\r\n    <\/div>\r\n <\/div>\r\n\r\n\r\n<\/div>\r\n\r\n\r\n\r\n\r\n\r\n\r\n\r\n\r\n\r\n\r\n\r\n\t\t\t\t<\/div>\n\t\t\t\t<\/div>\n\t\t\t\t\t<\/div>\n\t\t<\/div>\n\t\t\t\t\t<\/div>\n\t\t<\/div>\n\t\t\t\t<div class=\"elementor-section elementor-inner-section elementor-element elementor-element-63e6649 elementor-section-boxed elementor-section-height-default elementor-section-height-default\" data-id=\"63e6649\" data-element_type=\"section\" data-e-type=\"section\">\n\t\t\t\t\t\t<div class=\"elementor-container elementor-column-gap-default\">\n\t\t\t\t\t<div class=\"elementor-column elementor-col-100 elementor-inner-column elementor-element elementor-element-754d834\" data-id=\"754d834\" data-element_type=\"column\" data-e-type=\"column\">\n\t\t\t<div class=\"elementor-widget-wrap elementor-element-populated\">\n\t\t\t\t\t\t<div class=\"elementor-element elementor-element-ed3fc3f elementor-widget elementor-widget-section-title\" data-id=\"ed3fc3f\" data-element_type=\"widget\" data-e-type=\"widget\" data-widget_type=\"section-title.default\">\n\t\t\t\t<div class=\"elementor-widget-container\">\n\t\t\t\t\t<div class=\"pt-section pt-style-1 text-center\">\r\n\t\t\r\n   \t\t \r\n   \t\t<span class=\"pt-section-sub-title\">Servicio personalizado<\/span>\r\n   \t   \t\t\t   <h5 class=\"pt-section-title\" >Proceso de Atenci\u00f3n<\/h5>\r\n\t\t\t\r\n<\/div>\t\t\t\t<\/div>\n\t\t\t\t<\/div>\n\t\t\t\t\t<\/div>\n\t\t<\/div>\n\t\t\t\t\t<\/div>\n\t\t<\/div>\n\t\t\t\t<div class=\"elementor-section elementor-inner-section elementor-element elementor-element-7da9f96 elementor-section-boxed elementor-section-height-default elementor-section-height-default\" data-id=\"7da9f96\" data-element_type=\"section\" data-e-type=\"section\">\n\t\t\t\t\t\t<div class=\"elementor-container elementor-column-gap-default\">\n\t\t\t\t\t<div class=\"elementor-column elementor-col-100 elementor-inner-column elementor-element elementor-element-e33d806\" data-id=\"e33d806\" data-element_type=\"column\" data-e-type=\"column\">\n\t\t\t<div class=\"elementor-widget-wrap elementor-element-populated\">\n\t\t\t\t\t\t<div class=\"elementor-element elementor-element-15ad411 elementor-widget elementor-widget-Button\" data-id=\"15ad411\" data-element_type=\"widget\" data-e-type=\"widget\" data-widget_type=\"Button.default\">\n\t\t\t\t<div class=\"elementor-widget-container\">\n\t\t\t\t\t\r\n\r\n  <div class=\"pt-btn-container\">\r\n        <a class=\"pt-button pt-button-flat\" href=\"https:\/\/wa.me\/message\/DJIVGMZTMZXZP1\">\r\n          <div class=\"pt-button-block\">\r\n          <span class=\"pt-button-text\">Cont\u00e1ctenos<\/span>\r\n            <i class=\"ion ion-plus-round\"><\/i>\r\n          <\/div>\r\n        <\/a>\r\n  <\/div>\r\n\r\n\t\t\t\t<\/div>\n\t\t\t\t<\/div>\n\t\t\t\t\t<\/div>\n\t\t<\/div>\n\t\t\t\t\t<\/div>\n\t\t<\/div>\n\t\t\t\t\t<\/div>\n\t\t<\/div>\n\t\t\t\t\t<\/div>\n\t\t<\/div>\n\t\t\t\t<div class=\"elementor-section elementor-top-section elementor-element elementor-element-a119f20 elementor-section-full_width elementor-section-stretched elementor-section-height-default elementor-section-height-default\" data-id=\"a119f20\" data-element_type=\"section\" data-e-type=\"section\" data-settings=\"{&quot;stretch_section&quot;:&quot;section-stretched&quot;,&quot;background_background&quot;:&quot;classic&quot;}\">\n\t\t\t\t\t\t<div class=\"elementor-container elementor-column-gap-default\">\n\t\t\t\t\t<div class=\"elementor-column elementor-col-100 elementor-top-column elementor-element elementor-element-b16364a\" data-id=\"b16364a\" data-element_type=\"column\" data-e-type=\"column\">\n\t\t\t<div class=\"elementor-widget-wrap\">\n\t\t\t\t\t\t\t<\/div>\n\t\t<\/div>\n\t\t\t\t\t<\/div>\n\t\t<\/div>\n\t\t\t\t<div class=\"elementor-section elementor-top-section elementor-element elementor-element-234c830 elementor-section-full_width elementor-section-stretched elementor-section-height-default elementor-section-height-default\" data-id=\"234c830\" data-element_type=\"section\" data-e-type=\"section\" data-settings=\"{&quot;stretch_section&quot;:&quot;section-stretched&quot;,&quot;background_background&quot;:&quot;classic&quot;}\">\n\t\t\t\t\t\t\t<div class=\"elementor-background-overlay\"><\/div>\n\t\t\t\t\t\t\t<div class=\"elementor-container elementor-column-gap-default\">\n\t\t\t\t\t<div class=\"elementor-column elementor-col-100 elementor-top-column elementor-element elementor-element-74e7c08\" data-id=\"74e7c08\" data-element_type=\"column\" data-e-type=\"column\">\n\t\t\t<div class=\"elementor-widget-wrap elementor-element-populated\">\n\t\t\t\t\t\t<div class=\"elementor-section elementor-inner-section elementor-element elementor-element-45802a2 elementor-section-content-middle elementor-section-boxed elementor-section-height-default elementor-section-height-default\" data-id=\"45802a2\" data-element_type=\"section\" data-e-type=\"section\">\n\t\t\t\t\t\t<div class=\"elementor-container elementor-column-gap-default\">\n\t\t\t\t\t<div class=\"elementor-column elementor-col-50 elementor-inner-column elementor-element elementor-element-09f4a67\" data-id=\"09f4a67\" data-element_type=\"column\" data-e-type=\"column\">\n\t\t\t<div class=\"elementor-widget-wrap elementor-element-populated\">\n\t\t\t\t\t\t<div class=\"elementor-element elementor-element-b8aeb3e elementor-widget elementor-widget-heading\" data-id=\"b8aeb3e\" data-element_type=\"widget\" data-e-type=\"widget\" data-widget_type=\"heading.default\">\n\t\t\t\t\t<h5 class=\"elementor-heading-title elementor-size-medium\">SOMOS UNA EXCELENTE OPCION PARA RECUPERAR su salud y cuidar a los suyos<\/h5>\t\t\t\t<\/div>\n\t\t\t\t\t<\/div>\n\t\t<\/div>\n\t\t\t\t<div class=\"elementor-column elementor-col-50 elementor-inner-column elementor-element elementor-element-8c25d07\" data-id=\"8c25d07\" data-element_type=\"column\" data-e-type=\"column\">\n\t\t\t<div class=\"elementor-widget-wrap elementor-element-populated\">\n\t\t\t\t\t\t<div class=\"elementor-element elementor-element-7af62bf elementor-widget elementor-widget-Button\" data-id=\"7af62bf\" data-element_type=\"widget\" data-e-type=\"widget\" data-widget_type=\"Button.default\">\n\t\t\t\t<div class=\"elementor-widget-container\">\n\t\t\t\t\t\r\n\r\n  <div class=\"pt-btn-container\">\r\n        <a class=\"pt-button pt-button-flat\" href=\"https:\/\/wa.me\/message\/DJIVGMZTMZXZP1\">\r\n          <div class=\"pt-button-block\">\r\n          <span class=\"pt-button-text\">Si tiene preguntas no dude en consultarnos<\/span>\r\n            <i class=\"ion ion-plus-round\"><\/i>\r\n          <\/div>\r\n        <\/a>\r\n  <\/div>\r\n\r\n\t\t\t\t<\/div>\n\t\t\t\t<\/div>\n\t\t\t\t\t<\/div>\n\t\t<\/div>\n\t\t\t\t\t<\/div>\n\t\t<\/div>\n\t\t\t\t\t<\/div>\n\t\t<\/div>\n\t\t\t\t\t<\/div>\n\t\t<\/div>\n\t\t\t\t<div class=\"elementor-section elementor-top-section elementor-element elementor-element-7d790de elementor-section-full_width elementor-section-stretched elementor-section-height-default elementor-section-height-default\" data-id=\"7d790de\" data-element_type=\"section\" data-e-type=\"section\" data-settings=\"{&quot;stretch_section&quot;:&quot;section-stretched&quot;}\">\n\t\t\t\t\t\t\t<div class=\"elementor-background-overlay\"><\/div>\n\t\t\t\t\t\t\t<div class=\"elementor-container elementor-column-gap-default\">\n\t\t\t\t\t<div class=\"elementor-column elementor-col-100 elementor-top-column elementor-element elementor-element-effe2ab\" data-id=\"effe2ab\" data-element_type=\"column\" data-e-type=\"column\">\n\t\t\t<div class=\"elementor-widget-wrap\">\n\t\t\t\t\t\t\t<\/div>\n\t\t<\/div>\n\t\t\t\t\t<\/div>\n\t\t<\/div>\n\t\t\t\t<section class=\"elementor-section elementor-top-section elementor-element elementor-element-a926aeb elementor-section-boxed elementor-section-height-default elementor-section-height-default\" data-id=\"a926aeb\" data-element_type=\"section\" data-e-type=\"section\">\n\t\t\t\t\t\t<div class=\"elementor-container elementor-column-gap-default\">\n\t\t\t\t\t<div class=\"elementor-column elementor-col-100 elementor-top-column elementor-element elementor-element-f929cd0\" data-id=\"f929cd0\" data-element_type=\"column\" data-e-type=\"column\">\n\t\t\t<div class=\"elementor-widget-wrap elementor-element-populated\">\n\t\t\t\t\t\t<div class=\"elementor-element elementor-element-fa2c7dc elementor-widget elementor-widget-heading\" data-id=\"fa2c7dc\" data-element_type=\"widget\" data-e-type=\"widget\" data-widget_type=\"heading.default\">\n\t\t\t\t\t<h2 class=\"elementor-heading-title elementor-size-default\">Porque su salud es lo m\u00e1s importante!<\/h2>\t\t\t\t<\/div>\n\t\t\t\t\t<\/div>\n\t\t<\/div>\n\t\t\t\t\t<\/div>\n\t\t<\/section>\n\t\t\t\t<div class=\"elementor-section elementor-top-section elementor-element elementor-element-7b76fe9 elementor-section-full_width elementor-section-stretched elementor-section-height-default elementor-section-height-default\" data-id=\"7b76fe9\" data-element_type=\"section\" data-e-type=\"section\" data-settings=\"{&quot;stretch_section&quot;:&quot;section-stretched&quot;,&quot;background_background&quot;:&quot;classic&quot;}\">\n\t\t\t\t\t\t\t<div class=\"elementor-background-overlay\"><\/div>\n\t\t\t\t\t\t\t<div class=\"elementor-container elementor-column-gap-default\">\n\t\t\t\t\t<div class=\"elementor-column elementor-col-100 elementor-top-column elementor-element elementor-element-b37f7c2\" data-id=\"b37f7c2\" data-element_type=\"column\" data-e-type=\"column\">\n\t\t\t<div class=\"elementor-widget-wrap elementor-element-populated\">\n\t\t\t\t\t\t<div class=\"elementor-section elementor-inner-section elementor-element elementor-element-7a17376 elementor-section-boxed elementor-section-height-default elementor-section-height-default\" data-id=\"7a17376\" data-element_type=\"section\" data-e-type=\"section\">\n\t\t\t\t\t\t<div class=\"elementor-container elementor-column-gap-default\">\n\t\t\t\t\t<div class=\"elementor-column elementor-col-100 elementor-inner-column elementor-element elementor-element-a3d054d\" data-id=\"a3d054d\" data-element_type=\"column\" data-e-type=\"column\">\n\t\t\t<div class=\"elementor-widget-wrap\">\n\t\t\t\t\t\t\t<\/div>\n\t\t<\/div>\n\t\t\t\t\t<\/div>\n\t\t<\/div>\n\t\t\t\t<div class=\"elementor-section elementor-inner-section elementor-element elementor-element-56584bf elementor-section-boxed elementor-section-height-default elementor-section-height-default\" data-id=\"56584bf\" data-element_type=\"section\" data-e-type=\"section\">\n\t\t\t\t\t\t<div class=\"elementor-container elementor-column-gap-default\">\n\t\t\t\t\t<div class=\"elementor-column elementor-col-100 elementor-inner-column elementor-element elementor-element-6a19de6\" data-id=\"6a19de6\" data-element_type=\"column\" data-e-type=\"column\">\n\t\t\t<div class=\"elementor-widget-wrap elementor-element-populated\">\n\t\t\t\t\t\t<div class=\"elementor-element elementor-element-03fe6a7 elementor-widget elementor-widget-blog\" data-id=\"03fe6a7\" data-element_type=\"widget\" data-e-type=\"widget\" data-widget_type=\"blog.default\">\n\t\t\t\t<div class=\"elementor-widget-container\">\n\t\t\t\t\t\r\n<div class=\"pt-blog text-left\">\r\n\r\n  <div class=\"owl-carousel\" data-dots=\"false\" data-nav=\"false\" data-desk_num=\"3\" data-lap_num=\"3\" data-tab_num=\"2\" data-mob_num=\"1\" data-mob_sm=\"1\" data-autoplay=\"false\" data-loop=\"false\" data-margin=\"30\">\r\n\r\n    \r\n            <div class=\"item\">\r\n\r\n               <div class=\"pt-blog-post pt-style-1\">\r\n\r\n                  <div class=\"pt-post-media\">\r\n\r\n                   <img decoding=\"async\"  src=\"https:\/\/hospitalespiritusantoxela.com\/wp-content\/uploads\/revslider\/home-3-1\/surgery_2-scaled.jpeg\" alt=\"\" \/>\r\n                    \r\n                    \r\n                     <div class=\"pt-post-date\">\r\n\r\n                        <a href=\"https:\/\/hospitalespiritusantoxela.com\/index.php\/2023\/02\/10\/\">\r\n\r\n                        <span>10\/02\/2023<\/span><\/a>\r\n\r\n                     <\/div>\r\n\r\n                                        <\/div>\r\n\r\n\r\n\r\n                  <div class=\"pt-blog-contain\">\r\n\r\n                    <div class=\"pt-post-meta\">\r\n\r\n                        <ul>\r\n                           <li class=\"pt-post-author\"><i class=\"fa fa-user\"><\/i>Hospital y Cl\u00ednicas Espiritu Santo<\/li>\r\n\r\n                           <li class=\"pt-post-comment\">\r\n                                                              <a href=\"https:\/\/hospitalespiritusantoxela.com\/index.php\/2023\/02\/10\/citas-medicas\/\"><i class=\"fa fa-comments\"><\/i>\r\n                                  0 Comments<\/a>\r\n                            <\/li>\r\n\r\n\r\n                        <\/ul>\r\n\r\n                     <\/div>\r\n\r\n                     <h5 class=\"pt-blog-title\"><a href=\"https:\/\/hospitalespiritusantoxela.com\/index.php\/2023\/02\/10\/citas-medicas\/\">\u00bfPorqu\u00e9 ir a citas m\u00e9dicas al menos cada 6 meses?<\/a><\/h5>\r\n\r\n\r\n                     <div class=\"pt-blog-info\">\r\n\r\n                        <p>La salud es uno de los aspectos m\u00e1s importantes de nuestra vida, y mantenerla en \u00f3ptimas condiciones es fundamental para llevar un estilo de vida pleno y activo.<\/p>\n\r\n                     <\/div>\r\n                                         <div class=\"pt-btn-container\">\r\n\r\n                        <a href=\"https:\/\/hospitalespiritusantoxela.com\/index.php\/2023\/02\/10\/citas-medicas\/\" class=\"pt-button pt-button-link\" >\r\n                          <div class=\"pt-button-block\">\r\n                            <span class=\"pt-button-text\">Read More<\/span>\r\n                            <i class=\"ion ion-plus-round\"><\/i>\r\n                          <\/div>\r\n                           <\/a>\r\n                    <\/div>\r\n                                     <\/div>\r\n\r\n               <\/div>\r\n\r\n            <\/div>\r\n\r\n          \r\n  <\/div>\r\n\r\n<\/div>\r\n\t\t\t\t<\/div>\n\t\t\t\t<\/div>\n\t\t\t\t<div class=\"elementor-element elementor-element-08fc31a elementor-widget elementor-widget-section-title\" data-id=\"08fc31a\" data-element_type=\"widget\" data-e-type=\"widget\" data-widget_type=\"section-title.default\">\n\t\t\t\t<div class=\"elementor-widget-container\">\n\t\t\t\t\t<div class=\"pt-section pt-style-1 text-center\">\r\n\t\t\r\n   \t\t \r\n   \t\t<span class=\"pt-section-sub-title\">Ultimas notas<\/span>\r\n   \t   \t\t\t   <h5 class=\"pt-section-title\" >Lea recomendaciones de nuestro equipo<\/h5>\r\n\t\t\t\r\n<\/div>\t\t\t\t<\/div>\n\t\t\t\t<\/div>\n\t\t\t\t\t<\/div>\n\t\t<\/div>\n\t\t\t\t\t<\/div>\n\t\t<\/div>\n\t\t\t\t\t<\/div>\n\t\t<\/div>\n\t\t\t\t\t<\/div>\n\t\t<\/div>\n\t\t\t\t<\/div>\n\t\t","protected":false},"excerpt":{"rendered":"<p>01 Cita \u00f3 emergencia \u00a0 Si requiere orientaci\u00f3n via whatsapp y coordinamos su cita 02 Visita y seguimiento Usted visita la cl\u00ednica es atendido y con su diagnostico le damos seguimiento 03 Ex\u00e1menes, Laboratorio Si necesita ex\u00e1menes o tratamiento le apoyamos con los servicios 04 Tratamientos y cirugias o procedimientos Le ofrecemos calidad en cirug\u00edas [&hellip;]<\/p>\n","protected":false},"author":1,"featured_media":0,"parent":0,"menu_order":0,"comment_status":"closed","ping_status":"closed","template":"","meta":{"_acf_changed":false,"footnotes":""},"class_list":["post-2795","page","type-page","status-publish","hentry"],"acf":[],"_links":{"self":[{"href":"https:\/\/hospitalespiritusantoxela.com\/index.php\/wp-json\/wp\/v2\/pages\/2795","targetHints":{"allow":["GET"]}}],"collection":[{"href":"https:\/\/hospitalespiritusantoxela.com\/index.php\/wp-json\/wp\/v2\/pages"}],"about":[{"href":"https:\/\/hospitalespiritusantoxela.com\/index.php\/wp-json\/wp\/v2\/types\/page"}],"author":[{"embeddable":true,"href":"https:\/\/hospitalespiritusantoxela.com\/index.php\/wp-json\/wp\/v2\/users\/1"}],"replies":[{"embeddable":true,"href":"https:\/\/hospitalespiritusantoxela.com\/index.php\/wp-json\/wp\/v2\/comments?post=2795"}],"version-history":[{"count":32,"href":"https:\/\/hospitalespiritusantoxela.com\/index.php\/wp-json\/wp\/v2\/pages\/2795\/revisions"}],"predecessor-version":[{"id":17862,"href":"https:\/\/hospitalespiritusantoxela.com\/index.php\/wp-json\/wp\/v2\/pages\/2795\/revisions\/17862"}],"wp:attachment":[{"href":"https:\/\/hospitalespiritusantoxela.com\/index.php\/wp-json\/wp\/v2\/media?parent=2795"}],"curies":[{"name":"wp","href":"https:\/\/api.w.org\/{rel}","templated":true}]}}