{"id":2830,"date":"2021-12-05T12:51:15","date_gmt":"2021-12-05T12:51:15","guid":{"rendered":"https:\/\/medicate.peacefulqode.com\/?page_id=2830"},"modified":"2025-08-05T00:36:23","modified_gmt":"2025-08-05T00:36:23","slug":"planes-y-paguetes","status":"publish","type":"page","link":"https:\/\/hospitalespiritusantoxela.com\/index.php\/planes-y-paguetes\/","title":{"rendered":"Paquetes especiales"},"content":{"rendered":"\t\t<div data-elementor-type=\"wp-page\" data-elementor-id=\"2830\" class=\"elementor elementor-2830\">\n\t\t\t\t\t\t<div class=\"elementor-section elementor-top-section elementor-element elementor-element-dba35aa elementor-section-full_width elementor-section-stretched elementor-section-height-default elementor-section-height-default\" data-id=\"dba35aa\" data-element_type=\"section\" data-e-type=\"section\" data-settings=\"{&quot;stretch_section&quot;:&quot;section-stretched&quot;,&quot;background_background&quot;:&quot;classic&quot;}\">\n\t\t\t\t\t\t<div class=\"elementor-container elementor-column-gap-default\">\n\t\t\t\t\t<div class=\"elementor-column elementor-col-100 elementor-top-column elementor-element elementor-element-c40be19\" data-id=\"c40be19\" data-element_type=\"column\" data-e-type=\"column\">\n\t\t\t<div class=\"elementor-widget-wrap elementor-element-populated\">\n\t\t\t\t\t\t<div class=\"elementor-element elementor-element-b7364d4 elementor-widget__width-auto elementor-widget elementor-widget-price_plan\" data-id=\"b7364d4\" data-element_type=\"widget\" data-e-type=\"widget\" data-widget_type=\"price_plan.default\">\n\t\t\t\t<div class=\"elementor-widget-container\">\n\t\t\t\t\t\r\n    <div class=\"pt-pricing-plan pt-style-4  active\">\r\n     <div class=\"pt-pricing-head\">\r\n      <span class=\"pt-title\">Paquete para pacientes Diab\u00e9ticos<\/span>\r\n      <div class=\"price\">\r\n       <span class=\"pt-amount\">Q 250<\/span>\r\n       <span class=\"price-month\">\/ <\/span>\r\n   <\/div>\r\n<\/div>\r\n<ul class=\"pt-pricing-list\">\r\n          <li>\r\n                      <span> <p><strong>Glucosa pre y pos<\/strong><\/p><\/span><i aria-hidden=\"true\" class=\"\"><\/i>\r\n          \r\n    <\/li>\r\n      <li>\r\n                      <span> <p><strong>Hemoglobina<\/strong><\/p><\/span><i aria-hidden=\"true\" class=\"\"><\/i>\r\n          \r\n    <\/li>\r\n      <li>\r\n                      <span> <p><strong>Glicosilada<\/strong><\/p><\/span><i aria-hidden=\"true\" class=\"\"><\/i>\r\n          \r\n    <\/li>\r\n      <li>\r\n                      <span> <p><strong>Cloresterol<\/strong><\/p><\/span><i aria-hidden=\"true\" class=\"\"><\/i>\r\n          \r\n    <\/li>\r\n      <li>\r\n                      <span> <p><strong>Triglic\u00e9ridos\u00a0<\/strong><\/p><\/span><i aria-hidden=\"true\" class=\"\"><\/i>\r\n          \r\n    <\/li>\r\n<\/ul>\r\n    <div class=\"pt-btn-container\">\r\n     <a class=\"pt-button pt-button-flat\" class=\"pt-button pt-button-flat\" href=\"https:\/\/wa.me\/message\/DJIVGMZTMZXZP1\">\r\n        <div class=\"pt-button-block\">\r\n           <span class=\"pt-button-text\">Pedir cita<\/span>\r\n           <i class=\"ion ion-plus-round\"><\/i>\r\n       <\/div>\r\n   <\/a>\r\n<\/div>\r\n<\/div>\r\n\r\n\r\n\t\t\t\t<\/div>\n\t\t\t\t<\/div>\n\t\t\t\t<div class=\"elementor-element elementor-element-449d6a5 elementor-widget__width-auto elementor-widget elementor-widget-price_plan\" data-id=\"449d6a5\" data-element_type=\"widget\" data-e-type=\"widget\" data-widget_type=\"price_plan.default\">\n\t\t\t\t<div class=\"elementor-widget-container\">\n\t\t\t\t\t\r\n    <div class=\"pt-pricing-plan pt-style-4  active\">\r\n     <div class=\"pt-pricing-head\">\r\n      <span class=\"pt-title\"> Paquete   Chequeo      General         <\/span>\r\n      <div class=\"price\">\r\n       <span class=\"pt-amount\">Q 225<\/span>\r\n       <span class=\"price-month\">\/ <\/span>\r\n   <\/div>\r\n<\/div>\r\n<ul class=\"pt-pricing-list\">\r\n          <li>\r\n                      <span> <p><strong>Hematolog\u00eda<\/strong><\/p><\/span><i aria-hidden=\"true\" class=\"\"><\/i>\r\n          \r\n    <\/li>\r\n      <li>\r\n                      <span> <p><strong>Colesterol<\/strong><\/p><\/span><i aria-hidden=\"true\" class=\"\"><\/i>\r\n          \r\n    <\/li>\r\n      <li>\r\n                      <span> <p><strong>Triglic\u00e9ridos<\/strong><\/p><\/span><i aria-hidden=\"true\" class=\"\"><\/i>\r\n          \r\n    <\/li>\r\n      <li>\r\n                      <span> <p><strong>Heces y orina<\/strong><\/p><\/span><i aria-hidden=\"true\" class=\"\"><\/i>\r\n          \r\n    <\/li>\r\n      <li>\r\n                      <span> <p><span style=\"color: #ffffff;\">hjkslahdlkjhdsalkjdhsalk<\/span><\/p><\/span><i aria-hidden=\"true\" class=\"\"><\/i>\r\n          \r\n    <\/li>\r\n<\/ul>\r\n    <div class=\"pt-btn-container\">\r\n     <a class=\"pt-button pt-button-flat\" class=\"pt-button pt-button-flat\" href=\"https:\/\/wa.me\/message\/DJIVGMZTMZXZP1\">\r\n        <div class=\"pt-button-block\">\r\n           <span class=\"pt-button-text\">Pedir cita<\/span>\r\n           <i class=\"ion ion-plus-round\"><\/i>\r\n       <\/div>\r\n   <\/a>\r\n<\/div>\r\n<\/div>\r\n\r\n\r\n\t\t\t\t<\/div>\n\t\t\t\t<\/div>\n\t\t\t\t<div class=\"elementor-element elementor-element-aafff35 elementor-widget__width-auto elementor-widget elementor-widget-price_plan\" data-id=\"aafff35\" data-element_type=\"widget\" data-e-type=\"widget\" data-widget_type=\"price_plan.default\">\n\t\t\t\t<div class=\"elementor-widget-container\">\n\t\t\t\t\t\r\n    <div class=\"pt-pricing-plan pt-style-4  active\">\r\n     <div class=\"pt-pricing-head\">\r\n      <span class=\"pt-title\">Paquete para pacientes con presi\u00f3n Alta<\/span>\r\n      <div class=\"price\">\r\n       <span class=\"pt-amount\">Q 225<\/span>\r\n       <span class=\"price-month\">\/ <\/span>\r\n   <\/div>\r\n<\/div>\r\n<ul class=\"pt-pricing-list\">\r\n          <li>\r\n                      <span> <p><strong>Electrocardiograma\u00a0<\/strong><\/p><\/span><i aria-hidden=\"true\" class=\"\"><\/i>\r\n          \r\n    <\/li>\r\n      <li>\r\n                      <span> <p><strong>Colesterol<\/strong><\/p><\/span><i aria-hidden=\"true\" class=\"\"><\/i>\r\n          \r\n    <\/li>\r\n      <li>\r\n                      <span> <p><strong>Triglic\u00e9ridos<\/strong><\/p><\/span><i aria-hidden=\"true\" class=\"\"><\/i>\r\n          \r\n    <\/li>\r\n      <li>\r\n                      <span> <p><strong>Glucosa<\/strong><\/p><\/span><i aria-hidden=\"true\" class=\"\"><\/i>\r\n          \r\n    <\/li>\r\n<\/ul>\r\n    <div class=\"pt-btn-container\">\r\n     <a class=\"pt-button pt-button-flat\" class=\"pt-button pt-button-flat\" href=\"https:\/\/wa.me\/message\/DJIVGMZTMZXZP1\">\r\n        <div class=\"pt-button-block\">\r\n           <span class=\"pt-button-text\">Pedir cita<\/span>\r\n           <i class=\"ion ion-plus-round\"><\/i>\r\n       <\/div>\r\n   <\/a>\r\n<\/div>\r\n<\/div>\r\n\r\n\r\n\t\t\t\t<\/div>\n\t\t\t\t<\/div>\n\t\t\t\t\t<\/div>\n\t\t<\/div>\n\t\t\t\t\t<\/div>\n\t\t<\/div>\n\t\t\t\t<\/div>\n\t\t","protected":false},"excerpt":{"rendered":"<p>Paquete para pacientes Diab\u00e9ticos Q 250 \/ Glucosa pre y pos Hemoglobina Glicosilada Cloresterol Triglic\u00e9ridos\u00a0 Pedir cita Paquete Chequeo General Q 225 \/ Hematolog\u00eda Colesterol Triglic\u00e9ridos Heces y orina hjkslahdlkjhdsalkjdhsalk Pedir cita Paquete para pacientes con presi\u00f3n Alta Q 225 \/ Electrocardiograma\u00a0 Colesterol Triglic\u00e9ridos Glucosa Pedir cita<\/p>\n","protected":false},"author":2,"featured_media":0,"parent":0,"menu_order":0,"comment_status":"closed","ping_status":"closed","template":"","meta":{"_acf_changed":false,"footnotes":""},"class_list":["post-2830","page","type-page","status-publish","hentry"],"acf":[],"_links":{"self":[{"href":"https:\/\/hospitalespiritusantoxela.com\/index.php\/wp-json\/wp\/v2\/pages\/2830","targetHints":{"allow":["GET"]}}],"collection":[{"href":"https:\/\/hospitalespiritusantoxela.com\/index.php\/wp-json\/wp\/v2\/pages"}],"about":[{"href":"https:\/\/hospitalespiritusantoxela.com\/index.php\/wp-json\/wp\/v2\/types\/page"}],"author":[{"embeddable":true,"href":"https:\/\/hospitalespiritusantoxela.com\/index.php\/wp-json\/wp\/v2\/users\/2"}],"replies":[{"embeddable":true,"href":"https:\/\/hospitalespiritusantoxela.com\/index.php\/wp-json\/wp\/v2\/comments?post=2830"}],"version-history":[{"count":53,"href":"https:\/\/hospitalespiritusantoxela.com\/index.php\/wp-json\/wp\/v2\/pages\/2830\/revisions"}],"predecessor-version":[{"id":17869,"href":"https:\/\/hospitalespiritusantoxela.com\/index.php\/wp-json\/wp\/v2\/pages\/2830\/revisions\/17869"}],"wp:attachment":[{"href":"https:\/\/hospitalespiritusantoxela.com\/index.php\/wp-json\/wp\/v2\/media?parent=2830"}],"curies":[{"name":"wp","href":"https:\/\/api.w.org\/{rel}","templated":true}]}}